{"id":1114,"date":"2020-11-30T09:32:29","date_gmt":"2020-11-30T09:32:29","guid":{"rendered":"https:\/\/osteriagoldenetraube.de\/?page_id=1114"},"modified":"2021-03-09T14:32:59","modified_gmt":"2021-03-09T14:32:59","slug":"raeume","status":"publish","type":"page","link":"https:\/\/osteriagoldenetraube.de\/index.php\/raeume\/","title":{"rendered":"R\u00e4ume"},"content":{"rendered":"\t\t<div data-elementor-type=\"wp-page\" data-elementor-id=\"1114\" class=\"elementor elementor-1114\" data-elementor-post-type=\"page\">\n\t\t\t\t\t\t<section class=\"elementor-section elementor-top-section elementor-element elementor-element-3881225 elementor-section-full_width elementor-section-height-default elementor-section-height-default\" data-id=\"3881225\" data-element_type=\"section\" data-e-type=\"section\">\n\t\t\t\t\t\t<div class=\"elementor-container elementor-column-gap-no\">\n\t\t\t\t\t<div class=\"elementor-column elementor-col-100 elementor-top-column elementor-element elementor-element-a0ac969\" data-id=\"a0ac969\" data-element_type=\"column\" data-e-type=\"column\">\n\t\t\t<div class=\"elementor-widget-wrap elementor-element-populated\">\n\t\t\t\t\t\t<div class=\"elementor-element elementor-element-4812a7a elementor-widget elementor-widget-template\" data-id=\"4812a7a\" data-element_type=\"widget\" data-e-type=\"widget\" data-widget_type=\"template.default\">\n\t\t\t\t<div class=\"elementor-widget-container\">\n\t\t\t\t\t\t\t<div class=\"elementor-template\">\n\t\t\t\t\t<div data-elementor-type=\"section\" data-elementor-id=\"1019\" class=\"elementor elementor-1019\" data-elementor-post-type=\"elementor_library\">\n\t\t\t\t\t<section class=\"elementor-section elementor-top-section elementor-element elementor-element-5d58a493 elementor-section-content-middle elementor-section-boxed elementor-section-height-default elementor-section-height-default\" data-id=\"5d58a493\" data-element_type=\"section\" data-e-type=\"section\" data-settings=\"{&quot;background_background&quot;:&quot;classic&quot;,&quot;sticky&quot;:&quot;top&quot;,&quot;sticky_on&quot;:[&quot;desktop&quot;,&quot;tablet&quot;,&quot;mobile&quot;],&quot;sticky_offset&quot;:0,&quot;sticky_effects_offset&quot;:0,&quot;sticky_anchor_link_offset&quot;:0}\">\n\t\t\t\t\t\t<div class=\"elementor-container elementor-column-gap-default\">\n\t\t\t\t\t<div class=\"elementor-column elementor-col-33 elementor-top-column elementor-element elementor-element-51b169a4\" data-id=\"51b169a4\" data-element_type=\"column\" data-e-type=\"column\">\n\t\t\t<div class=\"elementor-widget-wrap elementor-element-populated\">\n\t\t\t\t\t\t<div class=\"elementor-element elementor-element-141b3c83 elementor-widget elementor-widget-theme-site-logo elementor-widget-image\" data-id=\"141b3c83\" data-element_type=\"widget\" data-e-type=\"widget\" data-widget_type=\"theme-site-logo.default\">\n\t\t\t\t<div class=\"elementor-widget-container\">\n\t\t\t\t\t\t\t\t\t\t\t<a href=\"https:\/\/osteriagoldenetraube.de\">\n\t\t\t<img fetchpriority=\"high\" decoding=\"async\" width=\"981\" height=\"575\" src=\"https:\/\/osteriagoldenetraube.de\/wp-content\/uploads\/2020\/11\/cropped-126134740_3946913241995274_2680622859755462558_o-1x1.jpg\" class=\"attachment-full size-full wp-image-776\" alt=\"Italienisches Restaurant\/Biergarten in Dillingen, Osteria, Osteria zur goldenen Traube, Italiener, Dillingen\" srcset=\"https:\/\/osteriagoldenetraube.de\/wp-content\/uploads\/2020\/11\/cropped-126134740_3946913241995274_2680622859755462558_o.jpg 981w, https:\/\/osteriagoldenetraube.de\/wp-content\/uploads\/2020\/11\/cropped-126134740_3946913241995274_2680622859755462558_o-300x176.jpg 300w, https:\/\/osteriagoldenetraube.de\/wp-content\/uploads\/2020\/11\/cropped-126134740_3946913241995274_2680622859755462558_o-768x450.jpg 768w, https:\/\/osteriagoldenetraube.de\/wp-content\/uploads\/2020\/11\/cropped-126134740_3946913241995274_2680622859755462558_o-1x1.jpg 1w\" sizes=\"(max-width: 981px) 100vw, 981px\" \/>\t\t\t\t<\/a>\n\t\t\t\t\t\t\t\t\t\t\t<\/div>\n\t\t\t\t<\/div>\n\t\t\t\t\t<\/div>\n\t\t<\/div>\n\t\t\t\t<div class=\"elementor-column elementor-col-33 elementor-top-column elementor-element elementor-element-3ba06897\" data-id=\"3ba06897\" data-element_type=\"column\" data-e-type=\"column\">\n\t\t\t<div class=\"elementor-widget-wrap elementor-element-populated\">\n\t\t\t\t\t\t<div class=\"elementor-element elementor-element-27ab1862 elementor-nav-menu__align-center elementor-nav-menu--stretch elementor-nav-menu__text-align-center elementor-nav-menu--dropdown-tablet elementor-nav-menu--toggle elementor-nav-menu--burger elementor-widget elementor-widget-nav-menu\" data-id=\"27ab1862\" data-element_type=\"widget\" data-e-type=\"widget\" data-settings=\"{&quot;full_width&quot;:&quot;stretch&quot;,&quot;layout&quot;:&quot;horizontal&quot;,&quot;submenu_icon&quot;:{&quot;value&quot;:&quot;&lt;i class=\\&quot;fas fa-caret-down\\&quot; aria-hidden=\\&quot;true\\&quot;&gt;&lt;\\\/i&gt;&quot;,&quot;library&quot;:&quot;fa-solid&quot;},&quot;toggle&quot;:&quot;burger&quot;}\" data-widget_type=\"nav-menu.default\">\n\t\t\t\t<div class=\"elementor-widget-container\">\n\t\t\t\t\t\t\t\t<nav aria-label=\"Men\u00fc\" class=\"elementor-nav-menu--main elementor-nav-menu__container elementor-nav-menu--layout-horizontal e--pointer-underline e--animation-fade\">\n\t\t\t\t<ul id=\"menu-1-27ab1862\" class=\"elementor-nav-menu\"><li class=\"menu-item menu-item-type-post_type menu-item-object-page menu-item-1054\"><a href=\"https:\/\/osteriagoldenetraube.de\/index.php\/home\/\" class=\"elementor-item menu-link\">Home<\/a><\/li>\n<li class=\"menu-item menu-item-type-post_type menu-item-object-page menu-item-1056\"><a href=\"https:\/\/osteriagoldenetraube.de\/index.php\/speisekarte\/\" class=\"elementor-item menu-link\">Speisekarte<\/a><\/li>\n<li class=\"menu-item menu-item-type-post_type menu-item-object-page menu-item-1342\"><a href=\"https:\/\/osteriagoldenetraube.de\/index.php\/contact\/\" class=\"elementor-item menu-link\">Kontakt<\/a><\/li>\n<\/ul>\t\t\t<\/nav>\n\t\t\t\t\t<div class=\"elementor-menu-toggle\" role=\"button\" tabindex=\"0\" aria-label=\"Menu Toggle\" aria-expanded=\"false\">\n\t\t\t<i aria-hidden=\"true\" role=\"presentation\" class=\"elementor-menu-toggle__icon--open eicon-menu-bar\"><\/i><i aria-hidden=\"true\" role=\"presentation\" class=\"elementor-menu-toggle__icon--close eicon-close\"><\/i>\t\t<\/div>\n\t\t\t\t\t<nav class=\"elementor-nav-menu--dropdown elementor-nav-menu__container\" aria-hidden=\"true\">\n\t\t\t\t<ul id=\"menu-2-27ab1862\" class=\"elementor-nav-menu\"><li class=\"menu-item menu-item-type-post_type menu-item-object-page menu-item-1054\"><a href=\"https:\/\/osteriagoldenetraube.de\/index.php\/home\/\" class=\"elementor-item menu-link\" tabindex=\"-1\">Home<\/a><\/li>\n<li class=\"menu-item menu-item-type-post_type menu-item-object-page menu-item-1056\"><a href=\"https:\/\/osteriagoldenetraube.de\/index.php\/speisekarte\/\" class=\"elementor-item menu-link\" tabindex=\"-1\">Speisekarte<\/a><\/li>\n<li class=\"menu-item menu-item-type-post_type menu-item-object-page menu-item-1342\"><a href=\"https:\/\/osteriagoldenetraube.de\/index.php\/contact\/\" class=\"elementor-item menu-link\" tabindex=\"-1\">Kontakt<\/a><\/li>\n<\/ul>\t\t\t<\/nav>\n\t\t\t\t\t\t<\/div>\n\t\t\t\t<\/div>\n\t\t\t\t<div class=\"elementor-element elementor-element-63420b72 elementor-widget elementor-widget-spacer\" data-id=\"63420b72\" data-element_type=\"widget\" data-e-type=\"widget\" data-widget_type=\"spacer.default\">\n\t\t\t\t<div class=\"elementor-widget-container\">\n\t\t\t\t\t\t\t<div class=\"elementor-spacer\">\n\t\t\t<div class=\"elementor-spacer-inner\"><\/div>\n\t\t<\/div>\n\t\t\t\t\t\t<\/div>\n\t\t\t\t<\/div>\n\t\t\t\t\t<\/div>\n\t\t<\/div>\n\t\t\t\t<div class=\"elementor-column elementor-col-33 elementor-top-column elementor-element elementor-element-756b6c2 elementor-hidden-phone\" data-id=\"756b6c2\" data-element_type=\"column\" data-e-type=\"column\">\n\t\t\t<div class=\"elementor-widget-wrap elementor-element-populated\">\n\t\t\t\t\t\t<div class=\"elementor-element elementor-element-369ce5db elementor-widget elementor-widget-shortcode\" data-id=\"369ce5db\" data-element_type=\"widget\" data-e-type=\"widget\" data-widget_type=\"shortcode.default\">\n\t\t\t\t<div class=\"elementor-widget-container\">\n\t\t\t\t\t\t\t<div class=\"elementor-shortcode\"><span class=\"glf-button-default glf-button reservation\" style='background-color:#D6A843; color:#000000 !important; font-weight:bold; font-size:17px; padding:15px; border-radius:20px; font-family:\"Trebuchet MS\", Helvetica, sans-serif; '  data-glf-cuid=\"\" data-glf-ruid=\"b485280f-0615-49e4-b92b-761146cbdb0e\" data-glf-reservation=\"true\" data-location=\"b485280f-0615-49e4-b92b-761146cbdb0e\">Tisch-Reservierung<\/span><script src=\"https:\/\/www.fbgcdn.com\/embedder\/js\/ewm2.js\" defer async ><\/script><style> .glf-reservations-location > span{display:none;} <\/style><\/div>\n\t\t\t\t\t\t<\/div>\n\t\t\t\t<\/div>\n\t\t\t\t\t<\/div>\n\t\t<\/div>\n\t\t\t\t\t<\/div>\n\t\t<\/section>\n\t\t\t\t<\/div>\n\t\t\t\t<\/div>\n\t\t\t\t\t\t<\/div>\n\t\t\t\t<\/div>\n\t\t\t\t\t<\/div>\n\t\t<\/div>\n\t\t\t\t\t<\/div>\n\t\t<\/section>\n\t\t\t\t<section class=\"elementor-section elementor-top-section elementor-element elementor-element-c521d02 elementor-section-boxed elementor-section-height-default elementor-section-height-default\" data-id=\"c521d02\" data-element_type=\"section\" data-e-type=\"section\" data-settings=\"{&quot;background_background&quot;:&quot;classic&quot;}\">\n\t\t\t\t\t\t\t<div class=\"elementor-background-overlay\"><\/div>\n\t\t\t\t\t\t\t<div class=\"elementor-container elementor-column-gap-default\">\n\t\t\t\t\t<div class=\"elementor-column elementor-col-100 elementor-top-column elementor-element elementor-element-9125a7a\" data-id=\"9125a7a\" data-element_type=\"column\" data-e-type=\"column\">\n\t\t\t<div class=\"elementor-widget-wrap elementor-element-populated\">\n\t\t\t\t\t\t<div class=\"elementor-element elementor-element-b1e1a1c elementor-widget elementor-widget-heading\" data-id=\"b1e1a1c\" data-element_type=\"widget\" data-e-type=\"widget\" data-widget_type=\"heading.default\">\n\t\t\t\t<div class=\"elementor-widget-container\">\n\t\t\t\t\t<h1 class=\"elementor-heading-title elementor-size-default\">R\u00e4ume<\/h1>\t\t\t\t<\/div>\n\t\t\t\t<\/div>\n\t\t\t\t<div class=\"elementor-element elementor-element-4ae1dbd elementor-widget elementor-widget-image\" data-id=\"4ae1dbd\" data-element_type=\"widget\" data-e-type=\"widget\" data-widget_type=\"image.default\">\n\t\t\t\t<div class=\"elementor-widget-container\">\n\t\t\t\t\t\t\t\t\t\t\t\t\t\t\t<img decoding=\"async\" width=\"250\" height=\"27\" src=\"https:\/\/osteriagoldenetraube.de\/wp-content\/uploads\/2020\/11\/frill-free-img.png\" class=\"attachment-large size-large wp-image-42\" alt=\"\" \/>\t\t\t\t\t\t\t\t\t\t\t\t\t\t\t<\/div>\n\t\t\t\t<\/div>\n\t\t\t\t\t<\/div>\n\t\t<\/div>\n\t\t\t\t\t<\/div>\n\t\t<\/section>\n\t\t\t\t<section class=\"elementor-section elementor-top-section elementor-element elementor-element-ccbe229 elementor-section-height-min-height elementor-section-boxed elementor-section-height-default elementor-section-items-middle\" data-id=\"ccbe229\" data-element_type=\"section\" data-e-type=\"section\">\n\t\t\t\t\t\t<div class=\"elementor-container elementor-column-gap-default\">\n\t\t\t\t\t<div class=\"elementor-column elementor-col-100 elementor-top-column elementor-element elementor-element-1e06ca3\" data-id=\"1e06ca3\" data-element_type=\"column\" data-e-type=\"column\">\n\t\t\t<div class=\"elementor-widget-wrap elementor-element-populated\">\n\t\t\t\t\t\t\t<\/div>\n\t\t<\/div>\n\t\t\t\t\t<\/div>\n\t\t<\/section>\n\t\t\t\t<\/div>\n\t\t","protected":false},"excerpt":{"rendered":"<p>R\u00e4ume<\/p>\n","protected":false},"author":3,"featured_media":0,"parent":0,"menu_order":0,"comment_status":"closed","ping_status":"closed","template":"","meta":{"site-sidebar-layout":"no-sidebar","site-content-layout":"page-builder","ast-site-content-layout":"default","site-content-style":"default","site-sidebar-style":"default","ast-global-header-display":"","ast-banner-title-visibility":"","ast-main-header-display":"","ast-hfb-above-header-display":"","ast-hfb-below-header-display":"","ast-hfb-mobile-header-display":"","site-post-title":"disabled","ast-breadcrumbs-content":"","ast-featured-img":"disabled","footer-sml-layout":"","ast-disable-related-posts":"","theme-transparent-header-meta":"default","adv-header-id-meta":"","stick-header-meta":"default","header-above-stick-meta":"","header-main-stick-meta":"","header-below-stick-meta":"","astra-migrate-meta-layouts":"default","ast-page-background-enabled":"default","ast-page-background-meta":{"desktop":{"background-color":"","background-image":"","background-repeat":"repeat","background-position":"center center","background-size":"auto","background-attachment":"scroll","background-type":"","background-media":"","overlay-type":"","overlay-color":"","overlay-opacity":"","overlay-gradient":""},"tablet":{"background-color":"","background-image":"","background-repeat":"repeat","background-position":"center center","background-size":"auto","background-attachment":"scroll","background-type":"","background-media":"","overlay-type":"","overlay-color":"","overlay-opacity":"","overlay-gradient":""},"mobile":{"background-color":"","background-image":"","background-repeat":"repeat","background-position":"center center","background-size":"auto","background-attachment":"scroll","background-type":"","background-media":"","overlay-type":"","overlay-color":"","overlay-opacity":"","overlay-gradient":""}},"ast-content-background-meta":{"desktop":{"background-color":"var(--ast-global-color-5)","background-image":"","background-repeat":"repeat","background-position":"center center","background-size":"auto","background-attachment":"scroll","background-type":"","background-media":"","overlay-type":"","overlay-color":"","overlay-opacity":"","overlay-gradient":""},"tablet":{"background-color":"var(--ast-global-color-5)","background-image":"","background-repeat":"repeat","background-position":"center center","background-size":"auto","background-attachment":"scroll","background-type":"","background-media":"","overlay-type":"","overlay-color":"","overlay-opacity":"","overlay-gradient":""},"mobile":{"background-color":"var(--ast-global-color-5)","background-image":"","background-repeat":"repeat","background-position":"center center","background-size":"auto","background-attachment":"scroll","background-type":"","background-media":"","overlay-type":"","overlay-color":"","overlay-opacity":"","overlay-gradient":""}},"footnotes":""},"class_list":["post-1114","page","type-page","status-publish","hentry"],"yoast_head":"<!-- This site is optimized with the Yoast SEO plugin v27.5 - https:\/\/yoast.com\/product\/yoast-seo-wordpress\/ -->\n<title>Veranstaltungsraum - Osteria zur goldenen Traube in Dillingen\/Donau<\/title>\n<meta name=\"description\" content=\"\ud83c\udfe0\ud83c\udf5d Die Osteria zur goldenen Traube in Dillingen bietet vor Ort R\u00e4umlichkeiten f\u00fcr Veranstaltungen an und k\u00fcmmert sich um leckeres Catering.\" \/>\n<meta name=\"robots\" content=\"index, follow, max-snippet:-1, max-image-preview:large, max-video-preview:-1\" \/>\n<link rel=\"canonical\" href=\"https:\/\/osteriagoldenetraube.de\/index.php\/raeume\/\" \/>\n<meta property=\"og:locale\" content=\"de_DE\" \/>\n<meta property=\"og:type\" content=\"article\" \/>\n<meta property=\"og:title\" content=\"Veranstaltungsraum - Osteria zur goldenen Traube in Dillingen\/Donau\" \/>\n<meta property=\"og:description\" content=\"\ud83c\udfe0\ud83c\udf5d Die Osteria zur goldenen Traube in Dillingen bietet vor Ort R\u00e4umlichkeiten f\u00fcr Veranstaltungen an und k\u00fcmmert sich um leckeres Catering.\" \/>\n<meta property=\"og:url\" content=\"https:\/\/osteriagoldenetraube.de\/index.php\/raeume\/\" \/>\n<meta property=\"og:site_name\" content=\"Osteria zur goldenen Traube\" \/>\n<meta property=\"article:publisher\" content=\"https:\/\/www.facebook.com\/Osteria-zur-goldenen-Traube-2145357355484214\" \/>\n<meta property=\"article:modified_time\" content=\"2021-03-09T14:32:59+00:00\" \/>\n<meta property=\"og:image\" content=\"https:\/\/osteriagoldenetraube.de\/wp-content\/uploads\/2020\/11\/frill-free-img.png\" \/>\n<meta name=\"twitter:card\" content=\"summary_large_image\" \/>\n<meta name=\"twitter:label1\" content=\"Gesch\u00e4tzte Lesezeit\" \/>\n\t<meta name=\"twitter:data1\" content=\"1\u00a0Minute\" \/>\n<script type=\"application\/ld+json\" class=\"yoast-schema-graph\">{\"@context\":\"https:\\\/\\\/schema.org\",\"@graph\":[{\"@type\":\"WebPage\",\"@id\":\"https:\\\/\\\/osteriagoldenetraube.de\\\/index.php\\\/raeume\\\/\",\"url\":\"https:\\\/\\\/osteriagoldenetraube.de\\\/index.php\\\/raeume\\\/\",\"name\":\"Veranstaltungsraum - Osteria zur goldenen Traube in Dillingen\\\/Donau\",\"isPartOf\":{\"@id\":\"https:\\\/\\\/osteriagoldenetraube.de\\\/#website\"},\"primaryImageOfPage\":{\"@id\":\"https:\\\/\\\/osteriagoldenetraube.de\\\/index.php\\\/raeume\\\/#primaryimage\"},\"image\":{\"@id\":\"https:\\\/\\\/osteriagoldenetraube.de\\\/index.php\\\/raeume\\\/#primaryimage\"},\"thumbnailUrl\":\"https:\\\/\\\/osteriagoldenetraube.de\\\/wp-content\\\/uploads\\\/2020\\\/11\\\/frill-free-img.png\",\"datePublished\":\"2020-11-30T09:32:29+00:00\",\"dateModified\":\"2021-03-09T14:32:59+00:00\",\"description\":\"\ud83c\udfe0\ud83c\udf5d Die Osteria zur goldenen Traube in Dillingen bietet vor Ort R\u00e4umlichkeiten f\u00fcr Veranstaltungen an und k\u00fcmmert sich um leckeres Catering.\",\"breadcrumb\":{\"@id\":\"https:\\\/\\\/osteriagoldenetraube.de\\\/index.php\\\/raeume\\\/#breadcrumb\"},\"inLanguage\":\"de\",\"potentialAction\":[{\"@type\":\"ReadAction\",\"target\":[\"https:\\\/\\\/osteriagoldenetraube.de\\\/index.php\\\/raeume\\\/\"]}]},{\"@type\":\"ImageObject\",\"inLanguage\":\"de\",\"@id\":\"https:\\\/\\\/osteriagoldenetraube.de\\\/index.php\\\/raeume\\\/#primaryimage\",\"url\":\"https:\\\/\\\/osteriagoldenetraube.de\\\/wp-content\\\/uploads\\\/2020\\\/11\\\/frill-free-img.png\",\"contentUrl\":\"https:\\\/\\\/osteriagoldenetraube.de\\\/wp-content\\\/uploads\\\/2020\\\/11\\\/frill-free-img.png\",\"width\":250,\"height\":27},{\"@type\":\"BreadcrumbList\",\"@id\":\"https:\\\/\\\/osteriagoldenetraube.de\\\/index.php\\\/raeume\\\/#breadcrumb\",\"itemListElement\":[{\"@type\":\"ListItem\",\"position\":1,\"name\":\"Startseite\",\"item\":\"https:\\\/\\\/osteriagoldenetraube.de\\\/\"},{\"@type\":\"ListItem\",\"position\":2,\"name\":\"R\u00e4ume\"}]},{\"@type\":\"WebSite\",\"@id\":\"https:\\\/\\\/osteriagoldenetraube.de\\\/#website\",\"url\":\"https:\\\/\\\/osteriagoldenetraube.de\\\/\",\"name\":\"Osteria zur goldenen Traube\",\"description\":\"Osteria zur goldenen Traube Dillingen\",\"publisher\":{\"@id\":\"https:\\\/\\\/osteriagoldenetraube.de\\\/#organization\"},\"potentialAction\":[{\"@type\":\"SearchAction\",\"target\":{\"@type\":\"EntryPoint\",\"urlTemplate\":\"https:\\\/\\\/osteriagoldenetraube.de\\\/?s={search_term_string}\"},\"query-input\":{\"@type\":\"PropertyValueSpecification\",\"valueRequired\":true,\"valueName\":\"search_term_string\"}}],\"inLanguage\":\"de\"},{\"@type\":\"Organization\",\"@id\":\"https:\\\/\\\/osteriagoldenetraube.de\\\/#organization\",\"name\":\"Osteria zur goldenen Traube\",\"url\":\"https:\\\/\\\/osteriagoldenetraube.de\\\/\",\"logo\":{\"@type\":\"ImageObject\",\"inLanguage\":\"de\",\"@id\":\"https:\\\/\\\/osteriagoldenetraube.de\\\/#\\\/schema\\\/logo\\\/image\\\/\",\"url\":\"https:\\\/\\\/osteriagoldenetraube.de\\\/wp-content\\\/uploads\\\/2020\\\/11\\\/126134740_3946913241995274_2680622859755462558_o.jpg\",\"contentUrl\":\"https:\\\/\\\/osteriagoldenetraube.de\\\/wp-content\\\/uploads\\\/2020\\\/11\\\/126134740_3946913241995274_2680622859755462558_o.jpg\",\"width\":981,\"height\":981,\"caption\":\"Osteria zur goldenen Traube\"},\"image\":{\"@id\":\"https:\\\/\\\/osteriagoldenetraube.de\\\/#\\\/schema\\\/logo\\\/image\\\/\"},\"sameAs\":[\"https:\\\/\\\/www.facebook.com\\\/Osteria-zur-goldenen-Traube-2145357355484214\"]}]}<\/script>\n<!-- \/ Yoast SEO plugin. -->","yoast_head_json":{"title":"Veranstaltungsraum - Osteria zur goldenen Traube in Dillingen\/Donau","description":"\ud83c\udfe0\ud83c\udf5d Die Osteria zur goldenen Traube in Dillingen bietet vor Ort R\u00e4umlichkeiten f\u00fcr Veranstaltungen an und k\u00fcmmert sich um leckeres Catering.","robots":{"index":"index","follow":"follow","max-snippet":"max-snippet:-1","max-image-preview":"max-image-preview:large","max-video-preview":"max-video-preview:-1"},"canonical":"https:\/\/osteriagoldenetraube.de\/index.php\/raeume\/","og_locale":"de_DE","og_type":"article","og_title":"Veranstaltungsraum - Osteria zur goldenen Traube in Dillingen\/Donau","og_description":"\ud83c\udfe0\ud83c\udf5d Die Osteria zur goldenen Traube in Dillingen bietet vor Ort R\u00e4umlichkeiten f\u00fcr Veranstaltungen an und k\u00fcmmert sich um leckeres Catering.","og_url":"https:\/\/osteriagoldenetraube.de\/index.php\/raeume\/","og_site_name":"Osteria zur goldenen Traube","article_publisher":"https:\/\/www.facebook.com\/Osteria-zur-goldenen-Traube-2145357355484214","article_modified_time":"2021-03-09T14:32:59+00:00","og_image":[{"url":"https:\/\/osteriagoldenetraube.de\/wp-content\/uploads\/2020\/11\/frill-free-img.png","type":"","width":"","height":""}],"twitter_card":"summary_large_image","twitter_misc":{"Gesch\u00e4tzte Lesezeit":"1\u00a0Minute"},"schema":{"@context":"https:\/\/schema.org","@graph":[{"@type":"WebPage","@id":"https:\/\/osteriagoldenetraube.de\/index.php\/raeume\/","url":"https:\/\/osteriagoldenetraube.de\/index.php\/raeume\/","name":"Veranstaltungsraum - Osteria zur goldenen Traube in Dillingen\/Donau","isPartOf":{"@id":"https:\/\/osteriagoldenetraube.de\/#website"},"primaryImageOfPage":{"@id":"https:\/\/osteriagoldenetraube.de\/index.php\/raeume\/#primaryimage"},"image":{"@id":"https:\/\/osteriagoldenetraube.de\/index.php\/raeume\/#primaryimage"},"thumbnailUrl":"https:\/\/osteriagoldenetraube.de\/wp-content\/uploads\/2020\/11\/frill-free-img.png","datePublished":"2020-11-30T09:32:29+00:00","dateModified":"2021-03-09T14:32:59+00:00","description":"\ud83c\udfe0\ud83c\udf5d Die Osteria zur goldenen Traube in Dillingen bietet vor Ort R\u00e4umlichkeiten f\u00fcr Veranstaltungen an und k\u00fcmmert sich um leckeres Catering.","breadcrumb":{"@id":"https:\/\/osteriagoldenetraube.de\/index.php\/raeume\/#breadcrumb"},"inLanguage":"de","potentialAction":[{"@type":"ReadAction","target":["https:\/\/osteriagoldenetraube.de\/index.php\/raeume\/"]}]},{"@type":"ImageObject","inLanguage":"de","@id":"https:\/\/osteriagoldenetraube.de\/index.php\/raeume\/#primaryimage","url":"https:\/\/osteriagoldenetraube.de\/wp-content\/uploads\/2020\/11\/frill-free-img.png","contentUrl":"https:\/\/osteriagoldenetraube.de\/wp-content\/uploads\/2020\/11\/frill-free-img.png","width":250,"height":27},{"@type":"BreadcrumbList","@id":"https:\/\/osteriagoldenetraube.de\/index.php\/raeume\/#breadcrumb","itemListElement":[{"@type":"ListItem","position":1,"name":"Startseite","item":"https:\/\/osteriagoldenetraube.de\/"},{"@type":"ListItem","position":2,"name":"R\u00e4ume"}]},{"@type":"WebSite","@id":"https:\/\/osteriagoldenetraube.de\/#website","url":"https:\/\/osteriagoldenetraube.de\/","name":"Osteria zur goldenen Traube","description":"Osteria zur goldenen Traube Dillingen","publisher":{"@id":"https:\/\/osteriagoldenetraube.de\/#organization"},"potentialAction":[{"@type":"SearchAction","target":{"@type":"EntryPoint","urlTemplate":"https:\/\/osteriagoldenetraube.de\/?s={search_term_string}"},"query-input":{"@type":"PropertyValueSpecification","valueRequired":true,"valueName":"search_term_string"}}],"inLanguage":"de"},{"@type":"Organization","@id":"https:\/\/osteriagoldenetraube.de\/#organization","name":"Osteria zur goldenen Traube","url":"https:\/\/osteriagoldenetraube.de\/","logo":{"@type":"ImageObject","inLanguage":"de","@id":"https:\/\/osteriagoldenetraube.de\/#\/schema\/logo\/image\/","url":"https:\/\/osteriagoldenetraube.de\/wp-content\/uploads\/2020\/11\/126134740_3946913241995274_2680622859755462558_o.jpg","contentUrl":"https:\/\/osteriagoldenetraube.de\/wp-content\/uploads\/2020\/11\/126134740_3946913241995274_2680622859755462558_o.jpg","width":981,"height":981,"caption":"Osteria zur goldenen Traube"},"image":{"@id":"https:\/\/osteriagoldenetraube.de\/#\/schema\/logo\/image\/"},"sameAs":["https:\/\/www.facebook.com\/Osteria-zur-goldenen-Traube-2145357355484214"]}]}},"_links":{"self":[{"href":"https:\/\/osteriagoldenetraube.de\/index.php\/wp-json\/wp\/v2\/pages\/1114","targetHints":{"allow":["GET"]}}],"collection":[{"href":"https:\/\/osteriagoldenetraube.de\/index.php\/wp-json\/wp\/v2\/pages"}],"about":[{"href":"https:\/\/osteriagoldenetraube.de\/index.php\/wp-json\/wp\/v2\/types\/page"}],"author":[{"embeddable":true,"href":"https:\/\/osteriagoldenetraube.de\/index.php\/wp-json\/wp\/v2\/users\/3"}],"replies":[{"embeddable":true,"href":"https:\/\/osteriagoldenetraube.de\/index.php\/wp-json\/wp\/v2\/comments?post=1114"}],"version-history":[{"count":1,"href":"https:\/\/osteriagoldenetraube.de\/index.php\/wp-json\/wp\/v2\/pages\/1114\/revisions"}],"predecessor-version":[{"id":1845,"href":"https:\/\/osteriagoldenetraube.de\/index.php\/wp-json\/wp\/v2\/pages\/1114\/revisions\/1845"}],"wp:attachment":[{"href":"https:\/\/osteriagoldenetraube.de\/index.php\/wp-json\/wp\/v2\/media?parent=1114"}],"curies":[{"name":"wp","href":"https:\/\/api.w.org\/{rel}","templated":true}]}}